{"id":49,"date":"2019-01-09T13:08:22","date_gmt":"2019-01-09T12:08:22","guid":{"rendered":"https:\/\/fcb-fanclub-mietraching.de\/?page_id=49"},"modified":"2026-02-21T13:02:20","modified_gmt":"2026-02-21T12:02:20","slug":"tickets","status":"publish","type":"page","link":"https:\/\/www.fcb-fanclub-mietraching.de\/index.php\/tickets\/","title":{"rendered":"Tickets"},"content":{"rendered":"\n<p class=\"has-dark-red-color has-text-color has-link-color has-medium-font-size wp-elements-f161156e523cbb81688ce6699bf78c5b\"><strong>Hinweis:<\/strong><\/p>\n\n\n\n<p>Leider mussten wir in letzter Zeit vermehrt feststellen, dass Mitglieder Karten f\u00fcr Nichtmitglieder bestellt haben (die Email in der Bestellung lautete auf Namen, die nicht als Mitglied registriert sind).<\/p>\n\n\n\n<p>Da wir vom FCB erneut angehalten worden sind, unsere Karten grunds\u00e4tzlich nur an Fanclubmitglieder weiterzugeben, werden wir in Zukunft alle Bestellungen mit Emailadressen, die in unserer Mitgliederliste nicht registriert sind, sofort stornieren.<\/p>\n\n\n\n<p>Nur so k\u00f6nnen wir sicherstelllen, dass wir weiter Zusatzkarten vom FCB erhalten.<\/p>\n\n\n\n<p class=\"has-text-color has-link-color has-medium-font-size wp-elements-5f6309cd2da384e8b9acccfb7a0ed5d2\" style=\"color:#f70707\"><\/p>\n\n\n\n<p class=\"has-text-color has-link-color has-medium-font-size wp-elements-81066c02b01c496598f604a2d3c4110c\" style=\"color:#f70707\"><strong>Es kann nicht garantiert werden, dass bei Bestellung mehrerer Karten die Pl\u00e4tze auch nebeneinander sind !<\/strong><\/p>\n\n\n\n<p class=\"has-dark-gray-color has-text-color has-medium-font-size\"><strong>Die Spieltags- und Bustickets sind am Spieltag <mark style=\"background-color:rgba(0, 0, 0, 0);color:#fc0f0f\" class=\"has-inline-color\">sp\u00e4tens 15 Minuten vor der Abfahrt der Busse <\/mark>im Br\u00e4ust\u00fcberl oder im Biergarten des Br\u00e4ust\u00fcberls abzuholen. Ohne ein Busticket ist ein Zustieg zu den Bussen nicht m\u00f6glich!<\/strong><\/p>\n\n\n\n<p class=\"has-text-color\" style=\"color:#f80137\"><strong>Wichtig: <\/strong><\/p>\n\n\n\n<p class=\"has-text-color\" style=\"color:#f80137\"><strong>Achtung: Bei Zahlungen aus dem Ausland (z.B. Schweiz etc.) erh\u00f6ht sich der Ticketpreis um 5.- Euro bei Kosten bis 100.-Euro und um 10.- Euro bei Kosten \u00fcber 100.- Euro aufgrund anfallender Bankgeb\u00fchren.<\/strong><\/p>\n\n\n\n<p class=\"has-dark-gray-color has-text-color\"><strong>Der angegebene Ticketpreis ergibt sich aus dem Tageskartenpreis + 15.- Euro f\u00fcr den Bus (zahlbar innerhalb von acht Tagen, sonst wird die Buchung von uns ohne weitere Info storniert!).<\/strong><\/p>\n\n\n\n<p><strong>Nach erfolgreicher Buchung und Bezahlung der Tickets ist eine R\u00fcckgabe der Tickets und auch die R\u00fcckerstattung des Kaufpreises nicht mehr m\u00f6glich!    <\/strong><\/p>\n\n\n\n<p class=\"has-text-color has-medium-font-size\" style=\"color:#f81818\"><p class=\"has-text-color has-medium-font-size\" style=\"color:#f81818\"><strong>                                                                                         <\/strong><\/p><\/p>\n\n\n\n<iframe loading=\"lazy\" src=\"https:\/\/www.fcb-fanclub-mietraching.de\/ticket\/\" height=\"800\" width=\"100%\" frameborder=\"0\" align=\"center\"><\/iframe>\n\n\n\n<p><\/p>\n","protected":false},"excerpt":{"rendered":"<p>Hinweis: Leider mussten wir in letzter Zeit vermehrt feststellen, dass Mitglieder Karten f\u00fcr Nichtmitglieder bestellt haben (die Email in der Bestellung lautete auf Namen, die nicht als Mitglied registriert sind). Da wir vom FCB erneut angehalten worden sind, unsere Karten grunds\u00e4tzlich nur an Fanclubmitglieder weiterzugeben, werden wir in Zukunft alle Bestellungen mit Emailadressen, die in &hellip; <a href=\"https:\/\/www.fcb-fanclub-mietraching.de\/index.php\/tickets\/\" class=\"more-link\"><span class=\"screen-reader-text\">\u201eTickets\u201c <\/span>weiterlesen<\/a><\/p>\n","protected":false},"author":1,"featured_media":0,"parent":0,"menu_order":10,"comment_status":"closed","ping_status":"closed","template":"","meta":{"footnotes":""},"class_list":["post-49","page","type-page","status-publish","hentry"],"_links":{"self":[{"href":"https:\/\/www.fcb-fanclub-mietraching.de\/index.php\/wp-json\/wp\/v2\/pages\/49","targetHints":{"allow":["GET"]}}],"collection":[{"href":"https:\/\/www.fcb-fanclub-mietraching.de\/index.php\/wp-json\/wp\/v2\/pages"}],"about":[{"href":"https:\/\/www.fcb-fanclub-mietraching.de\/index.php\/wp-json\/wp\/v2\/types\/page"}],"author":[{"embeddable":true,"href":"https:\/\/www.fcb-fanclub-mietraching.de\/index.php\/wp-json\/wp\/v2\/users\/1"}],"replies":[{"embeddable":true,"href":"https:\/\/www.fcb-fanclub-mietraching.de\/index.php\/wp-json\/wp\/v2\/comments?post=49"}],"version-history":[{"count":32,"href":"https:\/\/www.fcb-fanclub-mietraching.de\/index.php\/wp-json\/wp\/v2\/pages\/49\/revisions"}],"predecessor-version":[{"id":1398,"href":"https:\/\/www.fcb-fanclub-mietraching.de\/index.php\/wp-json\/wp\/v2\/pages\/49\/revisions\/1398"}],"wp:attachment":[{"href":"https:\/\/www.fcb-fanclub-mietraching.de\/index.php\/wp-json\/wp\/v2\/media?parent=49"}],"curies":[{"name":"wp","href":"https:\/\/api.w.org\/{rel}","templated":true}]}}