{"id":60,"date":"2019-01-09T13:09:36","date_gmt":"2019-01-09T12:09:36","guid":{"rendered":"https:\/\/fcb-fanclub-mietraching.de\/?page_id=60"},"modified":"2019-08-12T18:45:47","modified_gmt":"2019-08-12T17:45:47","slug":"vereinsgruendung-und-geschichte","status":"publish","type":"page","link":"https:\/\/www.fcb-fanclub-mietraching.de\/index.php\/vereinsgruendung-und-geschichte\/","title":{"rendered":"Vereinsgr\u00fcndung und Geschichte"},"content":{"rendered":"\n<p>In den sechziger Jahren als der FC Bayern mit Sturm und Drang in die Bundesliga aufstieg, formierten sich Freunde des FC Bayern in Mietraching gemeinsam mit Amerikanern aus der US-Kaserne und fuhren zu den Heimspielen des FC Bayern nach M\u00fcnchen. Mit einem kleinen, gelben Postbus ging es in die Landeshauptstadt. Durch die Abschw\u00e4chung des kalten Krieges verlor auch die US-Kaserne in Mietraching an Bedeutung, das Personal reduzierte sich und auch die Anh\u00e4ngerschaft wurde weniger. Immer mehr \u00fcbernahmen nun Bayernfans aus Mietraching, Bad Aibling und Umgebung das Kommando. Mit dem Fu\u00dfball-Boom Ende der achtziger\/Anfang der neunziger Jahre wurden unter Walter Kienmeyer auch die Aktivit\u00e4ten des Fanclubs Mietraching verst\u00e4rkt und zugleich vergr\u00f6\u00dferte sich die Anh\u00e4ngerschaft zusehends. US-Amerikaner waren nur noch vereinzelt dabei. Seit dieser Zeit (somit \u00fcber 20 Jahre) fahren wir mit mindestens einem Bus zu jedem Heimspiel. Bei Erteilung von Zusatzkarten, vergr\u00f6\u00dferte sich die Reisetruppe erheblich.<\/p>\n\n\n\n<p>Am 18. April 1997 gr\u00fcndete man dann offiziell im Gasthof Kriechbaumer in Mietraching den \u201eFC Bayern Fanclub Mietraching e.V.\u201c Zu den Gr\u00fcndungsmitgliedern z\u00e4hlten damals Walter Kienmeyer (1. Vorstand), Karl Kunze (2. Vorstand), Werner Stache (Kassier und Pressewart), Willi Blasig (Tippen), Hans Huber (Buswirt) und Linda Christeleit (Buskassiererin). Insgesamt unterschrieben 45 (!) Bayernfreunde das Gr\u00fcndungsprotokoll.<\/p>\n\n\n\n<p>Um die Jahrtausendwende war die Nachfrage so gro\u00df, dass es Spiele gab, zu denen der Fanclub mit zwei Bussen fahren musste. Seit die Allianz-Arena er\u00f6ffnet ist, fahren dauerhaft rund 85 Fans nach M\u00fcnchen. Logistisch organisiert von unserem bew\u00e4hrten Busunternehmen Lossinger.<\/p>\n\n\n\n<p>Auch Ausw\u00e4rtsfahrten werden unternommen, die dem geselligen Beisammensein dienen oder den FC Bayern in wichtigen Spielen unterst\u00fctzen sollen. Die Champions League Finals in Barcelona, Mailand, Madrid, M\u00fcnchen und London waren ebenso von einer Mietraching-Delegation begleitet wie alle Pokalendspiele in Berlin in den vergangenen Jahren. Auch diverse Meisterschaftsfeiern (u.a. in M\u00f6nchengladbach (am alten B\u00f6kelberg noch) und Hamburg (Last-Minute-Tor von Andersson) fanden mit unserer Unterst\u00fctzung statt. Die Veltins Arena auf Schalke, den Signal-Iduna-Park in Dortmund, das Frankenstadion in N\u00fcrnberg, das Daimler-Stadion in Stuttgart und auch den Karlsruher Wildpark kennen die Mietrachinger Fans bestens. Auch Prag, Old Trafford in Manchester und Bernabeu in Madrid wurden von uns schon besucht. Radio- und Fernsehauftritte (Antenne Bayern, DSF und Schlachthof) erg\u00e4nzen die \u00d6ffentlichkeitsarbeit. Seit Mai 2009 ist unser Fanclub auch in der Hall of Fan der Paulaner Brauerei in der Allianz Arena als 36. Fanclub vertreten.<\/p>\n\n\n\n<p>Derzeit umfasst der Fanclub ca. 630 Mitglieder, Ehrenvorstand ist Karl Kunze, Ehrenmitglieder sind Werner Stache und John van der Pas. Damit z\u00e4hlen wir zu den gr\u00f6\u00dften Fanclubs des FC Bayern M\u00fcnchen. Und wie titelte das Bayern-Magazin Nr. 16\/60 vom 12.05.2009: \u201e43 lange Jahre Treue zum Rekordmeister FC Bayern, so lange halten viele Ehen nicht!\u201c Das sagt eigentlich alles.<\/p>\n","protected":false},"excerpt":{"rendered":"<p>In den sechziger Jahren als der FC Bayern mit Sturm und Drang in die Bundesliga aufstieg, formierten sich Freunde des FC Bayern in Mietraching gemeinsam mit Amerikanern aus der US-Kaserne und fuhren zu den Heimspielen des FC Bayern nach M\u00fcnchen. Mit einem kleinen, gelben Postbus ging es in die Landeshauptstadt. Durch die Abschw\u00e4chung des kalten &hellip; <a href=\"https:\/\/www.fcb-fanclub-mietraching.de\/index.php\/vereinsgruendung-und-geschichte\/\" class=\"more-link\"><span class=\"screen-reader-text\">\u201eVereinsgr\u00fcndung und Geschichte\u201c <\/span>weiterlesen<\/a><\/p>\n","protected":false},"author":1,"featured_media":0,"parent":0,"menu_order":2,"comment_status":"closed","ping_status":"closed","template":"","meta":{"footnotes":""},"class_list":["post-60","page","type-page","status-publish","hentry"],"_links":{"self":[{"href":"https:\/\/www.fcb-fanclub-mietraching.de\/index.php\/wp-json\/wp\/v2\/pages\/60","targetHints":{"allow":["GET"]}}],"collection":[{"href":"https:\/\/www.fcb-fanclub-mietraching.de\/index.php\/wp-json\/wp\/v2\/pages"}],"about":[{"href":"https:\/\/www.fcb-fanclub-mietraching.de\/index.php\/wp-json\/wp\/v2\/types\/page"}],"author":[{"embeddable":true,"href":"https:\/\/www.fcb-fanclub-mietraching.de\/index.php\/wp-json\/wp\/v2\/users\/1"}],"replies":[{"embeddable":true,"href":"https:\/\/www.fcb-fanclub-mietraching.de\/index.php\/wp-json\/wp\/v2\/comments?post=60"}],"version-history":[{"count":3,"href":"https:\/\/www.fcb-fanclub-mietraching.de\/index.php\/wp-json\/wp\/v2\/pages\/60\/revisions"}],"predecessor-version":[{"id":162,"href":"https:\/\/www.fcb-fanclub-mietraching.de\/index.php\/wp-json\/wp\/v2\/pages\/60\/revisions\/162"}],"wp:attachment":[{"href":"https:\/\/www.fcb-fanclub-mietraching.de\/index.php\/wp-json\/wp\/v2\/media?parent=60"}],"curies":[{"name":"wp","href":"https:\/\/api.w.org\/{rel}","templated":true}]}}